{"id":34903,"date":"2025-07-01T17:58:25","date_gmt":"2025-07-01T15:58:25","guid":{"rendered":"https:\/\/www.brymmo.ch\/immobilienbewertung\/"},"modified":"2025-10-14T16:17:50","modified_gmt":"2025-10-14T14:17:50","slug":"immobilienbewertung","status":"publish","type":"page","link":"https:\/\/www.brymmo.ch\/de\/immobilienbewertung\/","title":{"rendered":"IMMOBILIENBEWERTUNG"},"content":{"rendered":"\t\t<div data-elementor-type=\"wp-page\" data-elementor-id=\"34903\" class=\"elementor elementor-34903 elementor-30438\">\n\t\t\t\t<div class=\"elementor-element elementor-element-d7d337d e-flex e-con-boxed e-con e-parent\" data-id=\"d7d337d\" data-element_type=\"container\" data-e-type=\"container\">\n\t\t\t\t\t<div class=\"e-con-inner\">\n\t\t\t\t<div class=\"elementor-element elementor-element-fc16690 elementor-widget elementor-widget-houzez_elementor_section_title\" data-id=\"fc16690\" data-element_type=\"widget\" data-e-type=\"widget\" data-widget_type=\"houzez_elementor_section_title.default\">\n\t\t\t\t<div class=\"elementor-widget-container\">\n\t\t\t\t\t            <div class=\"houzez_section_title_wrap section-title-module\">\n                                    <h2 class=\"houzez_section_title\">Lassen Sie Ihre Immobilie von einem Experten bewerten<\/h2>\n                \n                                    <p class=\"houzez_section_subtitle\">Obtenez une estimation pr\u00e9cise et fiable, r\u00e9alis\u00e9e par un professionnel de l\u2019immobilier.\n\n\n- Estimation offerte et sans engagement.\n\n- Un expert vous contacte sous 24h<br><br>- Prix estim\u00e9 au plus proche du march\u00e9<br><br>- Rapport complet et personnalis\u00e9 fourni<br><br><br>Un prix juste, pour vendre vite et bien.<\/p>\n                            <\/div>\n            \t\t\t\t<\/div>\n\t\t\t\t<\/div>\n\t\t\t\t<div class=\"elementor-element elementor-element-ee22655 elementor-widget elementor-widget-wpforms\" data-id=\"ee22655\" data-element_type=\"widget\" data-e-type=\"widget\" data-widget_type=\"wpforms.default\">\n\t\t\t\t<div class=\"elementor-widget-container\">\n\t\t\t\t\t<div class=\"wpforms-container wpforms-container-full wpforms-render-modern\" id=\"wpforms-30461\"><form id=\"wpforms-form-30461\" class=\"wpforms-validate wpforms-form wpforms-ajax-form\" data-formid=\"30461\" method=\"post\" enctype=\"multipart\/form-data\" action=\"\/de\/wp-json\/wp\/v2\/pages\/34903\" data-token=\"43ff22bcfc55af71a5940897a3a93378\" data-token-time=\"1777521649\"><noscript class=\"wpforms-error-noscript\">Bitte aktiviere JavaScript in deinem Browser, um dieses Formular fertigzustellen.<\/noscript><div id=\"wpforms-error-noscript\" style=\"display: none;\">Bitte aktiviere JavaScript in deinem Browser, um dieses Formular fertigzustellen.<\/div><div class=\"wpforms-field-container\"><div id=\"wpforms-30461-field_1-container\" class=\"wpforms-field wpforms-field-checkbox\" data-field-id=\"1\"><fieldset><legend class=\"wpforms-field-label\">Um welche Art von Immobilie handelt es sich? <span class=\"wpforms-required-label\" aria-hidden=\"true\">*<\/span><\/legend><ul id=\"wpforms-30461-field_1\" class=\"wpforms-field-required\" data-choice-limit=\"1\"><li class=\"choice-1 depth-1\"><input type=\"checkbox\" id=\"wpforms-30461-field_1_1\" data-rule-check-limit=\"true\" name=\"wpforms[fields][1][]\" value=\"Haus\" aria-errormessage=\"wpforms-30461-field_1_1-error\" required ><label class=\"wpforms-field-label-inline\" for=\"wpforms-30461-field_1_1\">Haus<\/label><\/li><li class=\"choice-2 depth-1\"><input type=\"checkbox\" id=\"wpforms-30461-field_1_2\" data-rule-check-limit=\"true\" name=\"wpforms[fields][1][]\" value=\"Wohnung\" aria-errormessage=\"wpforms-30461-field_1_2-error\" required ><label class=\"wpforms-field-label-inline\" for=\"wpforms-30461-field_1_2\">Wohnung<\/label><\/li><li class=\"choice-3 depth-1\"><input type=\"checkbox\" id=\"wpforms-30461-field_1_3\" data-rule-check-limit=\"true\" name=\"wpforms[fields][1][]\" value=\"Mehrfamilienhaus\" aria-errormessage=\"wpforms-30461-field_1_3-error\" required ><label class=\"wpforms-field-label-inline\" for=\"wpforms-30461-field_1_3\">Mehrfamilienhaus<\/label><\/li><li class=\"choice-4 depth-1\"><input type=\"checkbox\" id=\"wpforms-30461-field_1_4\" data-rule-check-limit=\"true\" name=\"wpforms[fields][1][]\" value=\"Grundst\u00fcck\" aria-errormessage=\"wpforms-30461-field_1_4-error\" required ><label class=\"wpforms-field-label-inline\" for=\"wpforms-30461-field_1_4\">Grundst\u00fcck<\/label><\/li><li class=\"choice-5 depth-1\"><input type=\"checkbox\" id=\"wpforms-30461-field_1_5\" data-rule-check-limit=\"true\" name=\"wpforms[fields][1][]\" value=\"Lagerhalle\" aria-errormessage=\"wpforms-30461-field_1_5-error\" required ><label class=\"wpforms-field-label-inline\" for=\"wpforms-30461-field_1_5\">Lagerhalle<\/label><\/li><li class=\"choice-6 depth-1\"><input type=\"checkbox\" id=\"wpforms-30461-field_1_6\" data-rule-check-limit=\"true\" name=\"wpforms[fields][1][]\" value=\"Gewerbe\" aria-errormessage=\"wpforms-30461-field_1_6-error\" required ><label class=\"wpforms-field-label-inline\" for=\"wpforms-30461-field_1_6\">Gewerbe<\/label><\/li><li class=\"choice-7 depth-1\"><input type=\"checkbox\" id=\"wpforms-30461-field_1_7\" data-rule-check-limit=\"true\" name=\"wpforms[fields][1][]\" value=\"Sonstiges\" aria-errormessage=\"wpforms-30461-field_1_7-error\" required ><label class=\"wpforms-field-label-inline\" for=\"wpforms-30461-field_1_7\">Sonstiges<\/label><\/li><\/ul><\/fieldset><\/div><div id=\"wpforms-30461-field_2-container\" class=\"wpforms-field wpforms-field-checkbox\" data-field-id=\"2\"><fieldset><legend class=\"wpforms-field-label\">In welcher Region befindet sich die Immobilie? <span class=\"wpforms-required-label\" aria-hidden=\"true\">*<\/span><\/legend><ul id=\"wpforms-30461-field_2\" class=\"wpforms-field-required\" data-choice-limit=\"1\"><li class=\"choice-1 depth-1\"><input type=\"checkbox\" id=\"wpforms-30461-field_2_1\" data-rule-check-limit=\"true\" name=\"wpforms[fields][2][]\" value=\"Aigle\" aria-errormessage=\"wpforms-30461-field_2_1-error\" required ><label class=\"wpforms-field-label-inline\" for=\"wpforms-30461-field_2_1\">Aigle<\/label><\/li><li class=\"choice-2 depth-1\"><input type=\"checkbox\" id=\"wpforms-30461-field_2_2\" data-rule-check-limit=\"true\" name=\"wpforms[fields][2][]\" value=\"Broye-Vully\" aria-errormessage=\"wpforms-30461-field_2_2-error\" required ><label class=\"wpforms-field-label-inline\" for=\"wpforms-30461-field_2_2\">Broye-Vully<\/label><\/li><li class=\"choice-4 depth-1\"><input type=\"checkbox\" id=\"wpforms-30461-field_2_4\" data-rule-check-limit=\"true\" name=\"wpforms[fields][2][]\" value=\"Gros-de-Vaud\" aria-errormessage=\"wpforms-30461-field_2_4-error\" required ><label class=\"wpforms-field-label-inline\" for=\"wpforms-30461-field_2_4\">Gros-de-Vaud<\/label><\/li><li class=\"choice-5 depth-1\"><input type=\"checkbox\" id=\"wpforms-30461-field_2_5\" data-rule-check-limit=\"true\" name=\"wpforms[fields][2][]\" value=\"Waadtl\u00e4nder Jura-Nord\" aria-errormessage=\"wpforms-30461-field_2_5-error\" required ><label class=\"wpforms-field-label-inline\" for=\"wpforms-30461-field_2_5\">Waadtl\u00e4nder Jura-Nord<\/label><\/li><li class=\"choice-6 depth-1\"><input type=\"checkbox\" id=\"wpforms-30461-field_2_6\" data-rule-check-limit=\"true\" name=\"wpforms[fields][2][]\" value=\"Lausanne\" aria-errormessage=\"wpforms-30461-field_2_6-error\" required ><label class=\"wpforms-field-label-inline\" for=\"wpforms-30461-field_2_6\">Lausanne<\/label><\/li><li class=\"choice-7 depth-1\"><input type=\"checkbox\" id=\"wpforms-30461-field_2_7\" data-rule-check-limit=\"true\" name=\"wpforms[fields][2][]\" value=\"Lavaux-Oron\" aria-errormessage=\"wpforms-30461-field_2_7-error\" required ><label class=\"wpforms-field-label-inline\" for=\"wpforms-30461-field_2_7\">Lavaux-Oron<\/label><\/li><li class=\"choice-8 depth-1\"><input type=\"checkbox\" id=\"wpforms-30461-field_2_8\" data-rule-check-limit=\"true\" name=\"wpforms[fields][2][]\" value=\"Morges\" aria-errormessage=\"wpforms-30461-field_2_8-error\" required ><label class=\"wpforms-field-label-inline\" for=\"wpforms-30461-field_2_8\">Morges<\/label><\/li><li class=\"choice-9 depth-1\"><input type=\"checkbox\" id=\"wpforms-30461-field_2_9\" data-rule-check-limit=\"true\" name=\"wpforms[fields][2][]\" value=\"Nyon\" aria-errormessage=\"wpforms-30461-field_2_9-error\" required ><label class=\"wpforms-field-label-inline\" for=\"wpforms-30461-field_2_9\">Nyon<\/label><\/li><li class=\"choice-10 depth-1\"><input type=\"checkbox\" id=\"wpforms-30461-field_2_10\" data-rule-check-limit=\"true\" name=\"wpforms[fields][2][]\" value=\"Lausanner Westen\" aria-errormessage=\"wpforms-30461-field_2_10-error\" required ><label class=\"wpforms-field-label-inline\" for=\"wpforms-30461-field_2_10\">Lausanner Westen<\/label><\/li><li class=\"choice-11 depth-1\"><input type=\"checkbox\" id=\"wpforms-30461-field_2_11\" data-rule-check-limit=\"true\" name=\"wpforms[fields][2][]\" value=\"Riviera-Pays-d&#039;Enhaut\" aria-errormessage=\"wpforms-30461-field_2_11-error\" required ><label class=\"wpforms-field-label-inline\" for=\"wpforms-30461-field_2_11\">Riviera-Pays-d'Enhaut<\/label><\/li><li class=\"choice-12 depth-1\"><input type=\"checkbox\" id=\"wpforms-30461-field_2_12\" data-rule-check-limit=\"true\" name=\"wpforms[fields][2][]\" value=\"Genf\" aria-errormessage=\"wpforms-30461-field_2_12-error\" required ><label class=\"wpforms-field-label-inline\" for=\"wpforms-30461-field_2_12\">Genf<\/label><\/li><li class=\"choice-13 depth-1\"><input type=\"checkbox\" id=\"wpforms-30461-field_2_13\" data-rule-check-limit=\"true\" name=\"wpforms[fields][2][]\" value=\"Freiburg\" aria-errormessage=\"wpforms-30461-field_2_13-error\" required ><label class=\"wpforms-field-label-inline\" for=\"wpforms-30461-field_2_13\">Freiburg<\/label><\/li><li class=\"choice-14 depth-1\"><input type=\"checkbox\" id=\"wpforms-30461-field_2_14\" data-rule-check-limit=\"true\" name=\"wpforms[fields][2][]\" value=\"Wallis\" aria-errormessage=\"wpforms-30461-field_2_14-error\" required ><label class=\"wpforms-field-label-inline\" for=\"wpforms-30461-field_2_14\">Wallis<\/label><\/li><li class=\"choice-15 depth-1\"><input type=\"checkbox\" id=\"wpforms-30461-field_2_15\" data-rule-check-limit=\"true\" name=\"wpforms[fields][2][]\" value=\"Neuch\u00e2tel\" aria-errormessage=\"wpforms-30461-field_2_15-error\" required ><label class=\"wpforms-field-label-inline\" for=\"wpforms-30461-field_2_15\">Neuch\u00e2tel<\/label><\/li><\/ul><\/fieldset><\/div><div id=\"wpforms-30461-field_3-container\" class=\"wpforms-field wpforms-field-checkbox\" data-field-id=\"3\"><fieldset><legend class=\"wpforms-field-label\">Ist die Immobilie bereits zum Verkauf angeboten? <span class=\"wpforms-required-label\" aria-hidden=\"true\">*<\/span><\/legend><ul id=\"wpforms-30461-field_3\" class=\"wpforms-field-required\" data-choice-limit=\"1\"><li class=\"choice-1 depth-1\"><input type=\"checkbox\" id=\"wpforms-30461-field_3_1\" data-rule-check-limit=\"true\" name=\"wpforms[fields][3][]\" value=\"Nein\" aria-errormessage=\"wpforms-30461-field_3_1-error\" required ><label class=\"wpforms-field-label-inline\" for=\"wpforms-30461-field_3_1\">Nein<\/label><\/li><li class=\"choice-2 depth-1\"><input type=\"checkbox\" id=\"wpforms-30461-field_3_2\" data-rule-check-limit=\"true\" name=\"wpforms[fields][3][]\" value=\"Ja, ich habe sie selbst zum Verkauf angeboten\" aria-errormessage=\"wpforms-30461-field_3_2-error\" required ><label class=\"wpforms-field-label-inline\" for=\"wpforms-30461-field_3_2\">Ja, ich habe sie selbst zum Verkauf angeboten<\/label><\/li><li class=\"choice-3 depth-1\"><input type=\"checkbox\" id=\"wpforms-30461-field_3_3\" data-rule-check-limit=\"true\" name=\"wpforms[fields][3][]\" value=\"Ja, \u00fcber eine Immobilienagentur\" aria-errormessage=\"wpforms-30461-field_3_3-error\" required ><label class=\"wpforms-field-label-inline\" for=\"wpforms-30461-field_3_3\">Ja, \u00fcber eine Immobilienagentur<\/label><\/li><\/ul><\/fieldset><\/div>\t\t<div id=\"wpforms-30461-field_5-container\"\n\t\t\tclass=\"wpforms-field wpforms-field-text\"\n\t\t\tdata-field-type=\"text\"\n\t\t\tdata-field-id=\"5\"\n\t\t\t>\n\t\t\t<label class=\"wpforms-field-label\" for=\"wpforms-30461-field_5\" >Region lautet Hinterlassen<\/label>\n\t\t\t<input type=\"text\" id=\"wpforms-30461-field_5\" class=\"wpforms-field-medium\" name=\"wpforms[fields][5]\" >\n\t\t<\/div>\n\t\t<div id=\"wpforms-30461-field_4-container\" class=\"wpforms-field wpforms-field-text\" data-field-id=\"4\"><label class=\"wpforms-field-label\" for=\"wpforms-30461-field_4\">Wie lautet die Adresse der Immobilie, die Sie verkaufen m\u00f6chten? <span class=\"wpforms-required-label\" aria-hidden=\"true\">*<\/span><\/label><input type=\"text\" id=\"wpforms-30461-field_4\" class=\"wpforms-field-medium wpforms-field-required\" name=\"wpforms[fields][4]\" aria-errormessage=\"wpforms-30461-field_4-error\" aria-describedby=\"wpforms-30461-field_4-description\" required><div id=\"wpforms-30461-field_4-description\" class=\"wpforms-field-description\">Beispiel: Route de Ch\u00e2tagny 5, 1091 Aran<\/div><\/div><div id=\"wpforms-30461-field_6-container\" class=\"wpforms-field wpforms-field-name\" data-field-id=\"6\"><fieldset><legend class=\"wpforms-field-label\">Hinterlassen Sie uns Ihre Kontaktdaten. Wir kontaktieren Sie innerhalb von 24 Stunden. <span class=\"wpforms-required-label\" aria-hidden=\"true\">*<\/span><\/legend><div class=\"wpforms-field-row wpforms-field-medium\"><div class=\"wpforms-field-row-block wpforms-first wpforms-one-half\"><input type=\"text\" id=\"wpforms-30461-field_6\" class=\"wpforms-field-name-first wpforms-field-required\" name=\"wpforms[fields][6][first]\" aria-errormessage=\"wpforms-30461-field_6-error\" required><label for=\"wpforms-30461-field_6\" class=\"wpforms-field-sublabel after\">Vorname<\/label><\/div><div class=\"wpforms-field-row-block wpforms-one-half\"><input type=\"text\" id=\"wpforms-30461-field_6-last\" class=\"wpforms-field-name-last wpforms-field-required\" name=\"wpforms[fields][6][last]\" aria-errormessage=\"wpforms-30461-field_6-last-error\" required><label for=\"wpforms-30461-field_6-last\" class=\"wpforms-field-sublabel after\">Nachname<\/label><\/div><\/div><\/fieldset><\/div><div id=\"wpforms-30461-field_7-container\" class=\"wpforms-field wpforms-field-email\" data-field-id=\"7\"><label class=\"wpforms-field-label\" for=\"wpforms-30461-field_7\">E-Mail <span class=\"wpforms-required-label\" aria-hidden=\"true\">*<\/span><\/label><input type=\"email\" id=\"wpforms-30461-field_7\" class=\"wpforms-field-medium wpforms-field-required\" name=\"wpforms[fields][7]\" spellcheck=\"false\" aria-errormessage=\"wpforms-30461-field_7-error\" required><\/div><div id=\"wpforms-30461-field_9-container\" class=\"wpforms-field wpforms-field-number\" data-field-id=\"9\"><label class=\"wpforms-field-label\" for=\"wpforms-30461-field_9\">Telefonnummer<\/label><input type=\"number\" id=\"wpforms-30461-field_9\" class=\"wpforms-field-medium\" name=\"wpforms[fields][9]\" step=\"any\" aria-errormessage=\"wpforms-30461-field_9-error\" aria-describedby=\"wpforms-30461-field_9-description\" ><div id=\"wpforms-30461-field_9-description\" class=\"wpforms-field-description\">Beispiel: 078 733 02 03<\/div><\/div><script>\n\t\t\t\t( function() {\n\t\t\t\t\tconst style = document.createElement( 'style' );\n\t\t\t\t\tstyle.appendChild( document.createTextNode( '#wpforms-30461-field_5-container { position: absolute !important; overflow: hidden !important; display: inline !important; height: 1px !important; width: 1px !important; z-index: -1000 !important; padding: 0 !important; } #wpforms-30461-field_5-container input { visibility: hidden; } #wpforms-conversational-form-page #wpforms-30461-field_5-container label { counter-increment: none; }' ) );\n\t\t\t\t\tdocument.head.appendChild( style );\n\t\t\t\t\tdocument.currentScript?.remove();\n\t\t\t\t} )();\n\t\t\t<\/script><\/div><!-- .wpforms-field-container --><div class=\"wpforms-submit-container\" ><input type=\"hidden\" name=\"wpforms[id]\" value=\"30461\"><input type=\"hidden\" name=\"page_title\" value=\"\"><input type=\"hidden\" name=\"page_url\" value=\"https:\/\/www.brymmo.ch\/de\/wp-json\/wp\/v2\/pages\/34903\"><input type=\"hidden\" name=\"url_referer\" value=\"\"><button type=\"submit\" name=\"wpforms[submit]\" id=\"wpforms-submit-30461\" class=\"wpforms-submit\" data-alt-text=\"Senden...\" data-submit-text=\"Senden\" aria-live=\"assertive\" value=\"wpforms-submit\">Senden<\/button><img decoding=\"async\" src=\"https:\/\/www.brymmo.ch\/wp-content\/plugins\/wpforms-lite\/assets\/images\/submit-spin.svg\" class=\"wpforms-submit-spinner\" style=\"display: none;\" width=\"26\" height=\"26\" alt=\"Wird geladen\"><\/div><\/form><\/div>  <!-- .wpforms-container -->\t\t\t\t<\/div>\n\t\t\t\t<\/div>\n\t\t\t\t\t<\/div>\n\t\t\t\t<\/div>\n\t\t\t\t<\/div>\n\t\t","protected":false},"excerpt":{"rendered":"<p>Lassen Sie Ihre Immobilie von einem Experten bewerten Obtenez une estimation pr\u00e9cise et fiable, r\u00e9alis\u00e9e par un professionnel de l\u2019immobilier. &#8211; Estimation offerte et sans engagement. &#8211; Un expert vous contacte sous 24h &#8211; Prix estim\u00e9 au plus proche du march\u00e9 &#8211; Rapport complet et personnalis\u00e9 fourni Un prix juste, pour vendre vite et bien. [&hellip;]<\/p>\n","protected":false},"author":1,"featured_media":32547,"parent":0,"menu_order":0,"comment_status":"closed","ping_status":"closed","template":"","meta":{"content-type":"","_monsterinsights_skip_tracking":false,"_monsterinsights_sitenote_active":false,"_monsterinsights_sitenote_note":"","_monsterinsights_sitenote_category":0,"_uf_show_specific_survey":0,"_uf_disable_surveys":false,"footnotes":""},"class_list":["post-34903","page","type-page","status-publish","has-post-thumbnail","hentry"],"aioseo_notices":[],"yoast_head":"<!-- This site is optimized with the Yoast SEO plugin v27.5 - https:\/\/yoast.com\/product\/yoast-seo-wordpress\/ -->\n<title>IMMOBILIENBEWERTUNG - BRYMMO<\/title>\n<meta name=\"description\" content=\"Expertensch\u00e4tzung. Lassen Sie Ihre Immobilie von einem Immobilienprofi bewerten und erhalten Sie ein pr\u00e4zises und verl\u00e4ssliches Ergebnis.\" \/>\n<meta name=\"robots\" content=\"index, follow, max-snippet:-1, max-image-preview:large, max-video-preview:-1\" \/>\n<link rel=\"canonical\" href=\"https:\/\/www.brymmo.ch\/de\/immobilienbewertung\/\" \/>\n<meta property=\"og:locale\" content=\"de_DE\" \/>\n<meta property=\"og:type\" content=\"article\" \/>\n<meta property=\"og:title\" content=\"IMMOBILIENBEWERTUNG - BRYMMO\" \/>\n<meta property=\"og:description\" content=\"Expertensch\u00e4tzung. Lassen Sie Ihre Immobilie von einem Immobilienprofi bewerten und erhalten Sie ein pr\u00e4zises und verl\u00e4ssliches Ergebnis.\" \/>\n<meta property=\"og:url\" content=\"https:\/\/www.brymmo.ch\/de\/immobilienbewertung\/\" \/>\n<meta property=\"og:site_name\" content=\"BRYMMO\" \/>\n<meta property=\"article:modified_time\" content=\"2025-10-14T14:17:50+00:00\" \/>\n<meta property=\"og:image\" content=\"https:\/\/www.brymmo.ch\/wp-content\/uploads\/2024\/10\/Vente.jpg\" \/>\n\t<meta property=\"og:image:width\" content=\"1280\" \/>\n\t<meta property=\"og:image:height\" content=\"853\" \/>\n\t<meta property=\"og:image:type\" content=\"image\/jpeg\" \/>\n<meta name=\"twitter:card\" content=\"summary_large_image\" \/>\n<meta name=\"twitter:label1\" content=\"Gesch\u00e4tzte Lesezeit\" \/>\n\t<meta name=\"twitter:data1\" content=\"1\u00a0Minute\" \/>\n<script type=\"application\/ld+json\" class=\"yoast-schema-graph\">{\"@context\":\"https:\\\/\\\/schema.org\",\"@graph\":[{\"@type\":\"WebPage\",\"@id\":\"https:\\\/\\\/www.brymmo.ch\\\/de\\\/immobilienbewertung\\\/\",\"url\":\"https:\\\/\\\/www.brymmo.ch\\\/de\\\/immobilienbewertung\\\/\",\"name\":\"IMMOBILIENBEWERTUNG - BRYMMO\",\"isPartOf\":{\"@id\":\"https:\\\/\\\/www.brymmo.ch\\\/de\\\/#website\"},\"primaryImageOfPage\":{\"@id\":\"https:\\\/\\\/www.brymmo.ch\\\/de\\\/immobilienbewertung\\\/#primaryimage\"},\"image\":{\"@id\":\"https:\\\/\\\/www.brymmo.ch\\\/de\\\/immobilienbewertung\\\/#primaryimage\"},\"thumbnailUrl\":\"https:\\\/\\\/www.brymmo.ch\\\/wp-content\\\/uploads\\\/2024\\\/10\\\/Vente.jpg\",\"datePublished\":\"2025-07-01T15:58:25+00:00\",\"dateModified\":\"2025-10-14T14:17:50+00:00\",\"description\":\"Expertensch\u00e4tzung. Lassen Sie Ihre Immobilie von einem Immobilienprofi bewerten und erhalten Sie ein pr\u00e4zises und verl\u00e4ssliches Ergebnis.\",\"breadcrumb\":{\"@id\":\"https:\\\/\\\/www.brymmo.ch\\\/de\\\/immobilienbewertung\\\/#breadcrumb\"},\"inLanguage\":\"de\",\"potentialAction\":[{\"@type\":\"ReadAction\",\"target\":[\"https:\\\/\\\/www.brymmo.ch\\\/de\\\/immobilienbewertung\\\/\"]}]},{\"@type\":\"ImageObject\",\"inLanguage\":\"de\",\"@id\":\"https:\\\/\\\/www.brymmo.ch\\\/de\\\/immobilienbewertung\\\/#primaryimage\",\"url\":\"https:\\\/\\\/www.brymmo.ch\\\/wp-content\\\/uploads\\\/2024\\\/10\\\/Vente.jpg\",\"contentUrl\":\"https:\\\/\\\/www.brymmo.ch\\\/wp-content\\\/uploads\\\/2024\\\/10\\\/Vente.jpg\",\"width\":1280,\"height\":853},{\"@type\":\"BreadcrumbList\",\"@id\":\"https:\\\/\\\/www.brymmo.ch\\\/de\\\/immobilienbewertung\\\/#breadcrumb\",\"itemListElement\":[{\"@type\":\"ListItem\",\"position\":1,\"name\":\"Accueil\",\"item\":\"https:\\\/\\\/www.brymmo.ch\\\/de\\\/page-daccueil-2\\\/\"},{\"@type\":\"ListItem\",\"position\":2,\"name\":\"IMMOBILIENBEWERTUNG\"}]},{\"@type\":\"WebSite\",\"@id\":\"https:\\\/\\\/www.brymmo.ch\\\/de\\\/#website\",\"url\":\"https:\\\/\\\/www.brymmo.ch\\\/de\\\/\",\"name\":\"BRYMMO\",\"description\":\"Agence immobili\u00e8re \u00e0 Lausanne | BRYMMO\",\"potentialAction\":[{\"@type\":\"SearchAction\",\"target\":{\"@type\":\"EntryPoint\",\"urlTemplate\":\"https:\\\/\\\/www.brymmo.ch\\\/de\\\/?s={search_term_string}\"},\"query-input\":{\"@type\":\"PropertyValueSpecification\",\"valueRequired\":true,\"valueName\":\"search_term_string\"}}],\"inLanguage\":\"de\"}]}<\/script>\n<!-- \/ Yoast SEO plugin. -->","yoast_head_json":{"title":"IMMOBILIENBEWERTUNG - BRYMMO","description":"Expertensch\u00e4tzung. Lassen Sie Ihre Immobilie von einem Immobilienprofi bewerten und erhalten Sie ein pr\u00e4zises und verl\u00e4ssliches Ergebnis.","robots":{"index":"index","follow":"follow","max-snippet":"max-snippet:-1","max-image-preview":"max-image-preview:large","max-video-preview":"max-video-preview:-1"},"canonical":"https:\/\/www.brymmo.ch\/de\/immobilienbewertung\/","og_locale":"de_DE","og_type":"article","og_title":"IMMOBILIENBEWERTUNG - BRYMMO","og_description":"Expertensch\u00e4tzung. Lassen Sie Ihre Immobilie von einem Immobilienprofi bewerten und erhalten Sie ein pr\u00e4zises und verl\u00e4ssliches Ergebnis.","og_url":"https:\/\/www.brymmo.ch\/de\/immobilienbewertung\/","og_site_name":"BRYMMO","article_modified_time":"2025-10-14T14:17:50+00:00","og_image":[{"width":1280,"height":853,"url":"https:\/\/www.brymmo.ch\/wp-content\/uploads\/2024\/10\/Vente.jpg","type":"image\/jpeg"}],"twitter_card":"summary_large_image","twitter_misc":{"Gesch\u00e4tzte Lesezeit":"1\u00a0Minute"},"schema":{"@context":"https:\/\/schema.org","@graph":[{"@type":"WebPage","@id":"https:\/\/www.brymmo.ch\/de\/immobilienbewertung\/","url":"https:\/\/www.brymmo.ch\/de\/immobilienbewertung\/","name":"IMMOBILIENBEWERTUNG - BRYMMO","isPartOf":{"@id":"https:\/\/www.brymmo.ch\/de\/#website"},"primaryImageOfPage":{"@id":"https:\/\/www.brymmo.ch\/de\/immobilienbewertung\/#primaryimage"},"image":{"@id":"https:\/\/www.brymmo.ch\/de\/immobilienbewertung\/#primaryimage"},"thumbnailUrl":"https:\/\/www.brymmo.ch\/wp-content\/uploads\/2024\/10\/Vente.jpg","datePublished":"2025-07-01T15:58:25+00:00","dateModified":"2025-10-14T14:17:50+00:00","description":"Expertensch\u00e4tzung. Lassen Sie Ihre Immobilie von einem Immobilienprofi bewerten und erhalten Sie ein pr\u00e4zises und verl\u00e4ssliches Ergebnis.","breadcrumb":{"@id":"https:\/\/www.brymmo.ch\/de\/immobilienbewertung\/#breadcrumb"},"inLanguage":"de","potentialAction":[{"@type":"ReadAction","target":["https:\/\/www.brymmo.ch\/de\/immobilienbewertung\/"]}]},{"@type":"ImageObject","inLanguage":"de","@id":"https:\/\/www.brymmo.ch\/de\/immobilienbewertung\/#primaryimage","url":"https:\/\/www.brymmo.ch\/wp-content\/uploads\/2024\/10\/Vente.jpg","contentUrl":"https:\/\/www.brymmo.ch\/wp-content\/uploads\/2024\/10\/Vente.jpg","width":1280,"height":853},{"@type":"BreadcrumbList","@id":"https:\/\/www.brymmo.ch\/de\/immobilienbewertung\/#breadcrumb","itemListElement":[{"@type":"ListItem","position":1,"name":"Accueil","item":"https:\/\/www.brymmo.ch\/de\/page-daccueil-2\/"},{"@type":"ListItem","position":2,"name":"IMMOBILIENBEWERTUNG"}]},{"@type":"WebSite","@id":"https:\/\/www.brymmo.ch\/de\/#website","url":"https:\/\/www.brymmo.ch\/de\/","name":"BRYMMO","description":"Agence immobili\u00e8re \u00e0 Lausanne | BRYMMO","potentialAction":[{"@type":"SearchAction","target":{"@type":"EntryPoint","urlTemplate":"https:\/\/www.brymmo.ch\/de\/?s={search_term_string}"},"query-input":{"@type":"PropertyValueSpecification","valueRequired":true,"valueName":"search_term_string"}}],"inLanguage":"de"}]}},"_links":{"self":[{"href":"https:\/\/www.brymmo.ch\/de\/wp-json\/wp\/v2\/pages\/34903","targetHints":{"allow":["GET"]}}],"collection":[{"href":"https:\/\/www.brymmo.ch\/de\/wp-json\/wp\/v2\/pages"}],"about":[{"href":"https:\/\/www.brymmo.ch\/de\/wp-json\/wp\/v2\/types\/page"}],"author":[{"embeddable":true,"href":"https:\/\/www.brymmo.ch\/de\/wp-json\/wp\/v2\/users\/1"}],"replies":[{"embeddable":true,"href":"https:\/\/www.brymmo.ch\/de\/wp-json\/wp\/v2\/comments?post=34903"}],"version-history":[{"count":3,"href":"https:\/\/www.brymmo.ch\/de\/wp-json\/wp\/v2\/pages\/34903\/revisions"}],"predecessor-version":[{"id":35360,"href":"https:\/\/www.brymmo.ch\/de\/wp-json\/wp\/v2\/pages\/34903\/revisions\/35360"}],"wp:featuredmedia":[{"embeddable":true,"href":"https:\/\/www.brymmo.ch\/de\/wp-json\/wp\/v2\/media\/32547"}],"wp:attachment":[{"href":"https:\/\/www.brymmo.ch\/de\/wp-json\/wp\/v2\/media?parent=34903"}],"curies":[{"name":"wp","href":"https:\/\/api.w.org\/{rel}","templated":true}]}}