{"id":34914,"date":"2025-07-01T23:33:27","date_gmt":"2025-07-01T21:33:27","guid":{"rendered":"https:\/\/www.brymmo.ch\/modulo-di-richiesta\/"},"modified":"2025-09-18T19:14:52","modified_gmt":"2025-09-18T17:14:52","slug":"modulo-di-richiesta","status":"publish","type":"page","link":"https:\/\/www.brymmo.ch\/it\/modulo-di-richiesta\/","title":{"rendered":"Modulo di richiesta"},"content":{"rendered":"\t\t<div data-elementor-type=\"wp-page\" data-elementor-id=\"34914\" class=\"elementor elementor-34914 elementor-29203\">\n\t\t\t\t\t\t<section class=\"elementor-section elementor-top-section elementor-element elementor-element-5ec2734 elementor-section-boxed elementor-section-height-default elementor-section-height-default\" data-id=\"5ec2734\" data-element_type=\"section\" data-e-type=\"section\">\n\t\t\t\t\t\t<div class=\"elementor-container elementor-column-gap-default\">\n\t\t\t\t\t<div class=\"elementor-column elementor-col-100 elementor-top-column elementor-element elementor-element-e1bd41f\" data-id=\"e1bd41f\" data-element_type=\"column\" data-e-type=\"column\">\n\t\t\t<div class=\"elementor-widget-wrap elementor-element-populated\">\n\t\t\t\t\t\t<div class=\"elementor-element elementor-element-49cbafe elementor-widget elementor-widget-houzez_elementor_space\" data-id=\"49cbafe\" data-element_type=\"widget\" data-e-type=\"widget\" data-widget_type=\"houzez_elementor_space.default\">\n\t\t\t\t<div class=\"elementor-widget-container\">\n\t\t\t\t\t        <div class=\"houzez-spacer\">\n            <div class=\"houzez-spacer-inner\"><\/div>\n        <\/div>\n        \t\t\t\t<\/div>\n\t\t\t\t<\/div>\n\t\t\t\t<section class=\"elementor-section elementor-inner-section elementor-element elementor-element-6efd58c animated-slow elementor-section-boxed elementor-section-height-default elementor-section-height-default elementor-invisible\" data-id=\"6efd58c\" data-element_type=\"section\" data-e-type=\"section\" data-settings=\"{&quot;background_background&quot;:&quot;classic&quot;,&quot;animation&quot;:&quot;fadeIn&quot;}\">\n\t\t\t\t\t\t<div class=\"elementor-container elementor-column-gap-no\">\n\t\t\t\t\t<div class=\"elementor-column elementor-col-100 elementor-inner-column elementor-element elementor-element-856004d\" data-id=\"856004d\" data-element_type=\"column\" data-e-type=\"column\">\n\t\t\t<div class=\"elementor-widget-wrap elementor-element-populated\">\n\t\t\t\t\t\t<div class=\"elementor-element elementor-element-8ff1404 elementor-widget elementor-widget-text-editor\" data-id=\"8ff1404\" data-element_type=\"widget\" data-e-type=\"widget\" data-widget_type=\"text-editor.default\">\n\t\t\t\t<div class=\"elementor-widget-container\">\n\t\t\t\t\t\t\t\t\t<h3>sendModulo di contatto<\/h3>\t\t\t\t\t\t\t\t<\/div>\n\t\t\t\t<\/div>\n\t\t\t\t<div class=\"elementor-element elementor-element-42f882c elementor-button-align-stretch elementor-widget elementor-widget-houzez_elementor_inquiry_form\" data-id=\"42f882c\" data-element_type=\"widget\" data-e-type=\"widget\" data-widget_type=\"houzez_elementor_inquiry_form.default\">\n\t\t\t\t<div class=\"elementor-widget-container\">\n\t\t\t\t\t\n        <script type=\"application\/javascript\">\n            jQuery(document).bind(\"ready\", function () {\n                houzezValidateElementor(\"#houzez-form-42f882c\" );\n            });\n        <\/script>\n\n\n        <form class=\"elementor-form houzez-ele-form-js\" id=\"houzez-form-42f882c\" method=\"post\" name=\"Nuovo modulo\" action=\"https:\/\/www.brymmo.ch\/wp-admin\/admin-ajax.php\">\n            <input type=\"hidden\" name=\"form_id\" value=\"42f882c\"\/>\n            <input type=\"hidden\" name=\"action\" value=\"houzez_ele_inquiry_form\" \/>\n            <input type=\"hidden\" name=\"source_link\" value=\"https:\/\/www.brymmo.ch\/it\/modulo-di-richiesta\/\" \/>\n            <input type=\"hidden\" name=\"lead_page_id\" value=\"34914\" \/>\n            <input type=\"hidden\" name=\"is_estimation\" value=\"yes\" \/>\n            <input type=\"hidden\" name=\"webhook\" value=\"false\" \/>\n            <input type=\"hidden\" name=\"webhook_url\" value=\"\" \/>\n            <input type=\"hidden\" name=\"redirect_to\" value=\"\" \/>\n            <input type=\"hidden\" name=\"email_subject\" value=\"Nuovo messaggio 01\" \/>\n            <input type=\"hidden\" name=\"google_recaptcha\" value=\"false\" \/>\n\n            <div class=\"elementor-form-fields-wrapper elementor-labels-above\">\n\n                                    <div class=\"elementor-field-group elementor-column form-group elementor-field-group-43a17f8 elementor-col-100 elementor-field-required\">\n                    <label for=\"form-field-43a17f8\" class=\"form-label elementor-field-label\">Tipo di richiesta<\/label><textarea class=\"elementor-field-textual elementor-field elementor-size-md\" name=\"message\" id=\"form-field-43a17f8\" rows=\"1\" placeholder=\"Acquisto, vendita, valutazione \" required=\"required\" title=\"* Tipo di richiesta\"><\/textarea>                    <\/div>\n\n                                        <div class=\"elementor-field-group elementor-column form-group elementor-field-group-cc6b92f elementor-col-50 elementor-field-required\">\n                    <label for=\"form-field-cc6b92f\" class=\"form-label elementor-field-label\">Informazioni<\/label><input type=\"text\" name=\"first_name\" id=\"form-field-cc6b92f\" class=\"elementor-field form-control elementor-size-md elementor-field-textual\" placeholder=\"Nome\" title=\"* Informazioni\" required=\"required\">                    <\/div>\n\n                                        <div class=\"elementor-field-group elementor-column form-group elementor-field-group-3cc124e elementor-col-50 elementor-field-required\">\n                    <input type=\"text\" name=\"last_name\" id=\"form-field-3cc124e\" class=\"elementor-field form-control elementor-size-md elementor-field-textual\" placeholder=\"Cognome\" title=\"* Cognome\" required=\"required\">                    <\/div>\n\n                                        <div class=\"elementor-field-group elementor-column form-group elementor-field-group-932d82c elementor-col-50 elementor-field-required\">\n                    <input type=\"email\" name=\"email\" id=\"form-field-932d82c\" class=\"elementor-field form-control elementor-size-md elementor-field-textual\" placeholder=\"Indirizzo e-mail\" title=\"* Indirizzo e-mail\" required=\"required\">                    <\/div>\n\n                                        <div class=\"elementor-field-group elementor-column form-group elementor-field-group-304b68f elementor-col-50 elementor-field-required\">\n                    <input type=\"text\" name=\"mobile\" id=\"form-field-304b68f\" class=\"elementor-field form-control elementor-size-md elementor-field-textual\" placeholder=\"Telefono\" title=\"* Telefono\" required=\"required\">                    <\/div>\n\n                                        <div class=\"elementor-field-group elementor-column form-group elementor-field-group-d592983 elementor-col-100 elementor-field-required\">\n                    <label for=\"form-field-d592983\" class=\"form-label elementor-field-label\">Riguardo al vostro immobile<\/label>        <div class=\"elementor-field elementor-select-wrapper\">\n            <select name=\"e_meta[property_type]\" id=\"form-field-d592983\" class=\"elementor-field-textual form-control elementor-size-md\" required=\"required\" title=\"* Riguardo al vostro immobile\">\n                <option value=\"\">Seleziona<\/option><option value=\"appartamento\"> Appartamento<\/option><option value=\"casa\"> Casa<\/option><option value=\"commerciale-ufficio\"> Commerciale &amp; Ufficio<\/option><option value=\"edificio\"> Edificio<\/option><option value=\"hotel\"> Hotel<\/option><option value=\"terreno\"> Terreno<\/option>            <\/select>\n        <\/div>\n                            <\/div>\n\n                                        <div class=\"elementor-field-group elementor-column form-group elementor-field-group-f0ee6fc elementor-col-100 elementor-field-required\">\n                    <input type=\"text\" name=\"e_meta[zipcode]\" id=\"form-field-f0ee6fc\" class=\"elementor-field form-control elementor-size-md elementor-field-textual\" placeholder=\"Indirizzo\" title=\"* Indirizzo\" required=\"required\">                    <\/div>\n\n                                        <div class=\"elementor-field-group elementor-column form-group elementor-field-group-1abe1d4 elementor-col-50 elementor-field-required\">\n                    <input type=\"text\" name=\"e_meta[zipcode]\" id=\"form-field-1abe1d4\" class=\"elementor-field form-control elementor-size-md elementor-field-textual\" placeholder=\"CAP\" title=\"* CAP\" required=\"required\">                    <\/div>\n\n                                        <div class=\"elementor-field-group elementor-column form-group elementor-field-group-8261792 elementor-col-50 elementor-field-required\">\n                    <textarea class=\"elementor-field-textual elementor-field elementor-size-md\" name=\"message\" id=\"form-field-8261792\" rows=\"1\" placeholder=\"Citt\u00e0\" required=\"required\" title=\"* Citt\u00e0\"><\/textarea>                    <\/div>\n\n                                        <div class=\"elementor-field-group elementor-column form-group elementor-field-group-3180222 elementor-col-100 elementor-field-required\">\n                    <label for=\"form-field-3180222\" class=\"form-label elementor-field-label\">Tipo di propriet\u00e0<\/label>        <div class=\"elementor-field elementor-select-wrapper\">\n            <select name=\"e_meta[property_type]\" id=\"form-field-3180222\" class=\"elementor-field-textual form-control elementor-size-md\" required=\"required\" title=\"* Tipo di propriet\u00e0\">\n                <option value=\"\">Seleziona<\/option><option value=\"appartamento\"> Appartamento<\/option><option value=\"casa\"> Casa<\/option><option value=\"commerciale-ufficio\"> Commerciale &amp; Ufficio<\/option><option value=\"edificio\"> Edificio<\/option><option value=\"hotel\"> Hotel<\/option><option value=\"terreno\"> Terreno<\/option>            <\/select>\n        <\/div>\n                            <\/div>\n\n                                        <div class=\"elementor-field-group elementor-column form-group elementor-field-group-95c61a9 elementor-col-100\">\n                    <label for=\"form-field-95c61a9\" class=\"form-label elementor-field-label\">Messaggio<\/label><textarea class=\"elementor-field-textual elementor-field elementor-size-md\" name=\"message\" id=\"form-field-95c61a9\" rows=\"4\"><\/textarea>                    <\/div>\n\n                    \n                    \n                    \n                    \n                    \n                    <div class=\"elementor-field-group elementor-column elementor-field-type-submit elementor-col-100\">\n                    <button type=\"submit\" class=\"houzez-submit-button houzez-contact-form-js elementor-button elementor-size-md\">\n                        <i class=\"houzez-loader-js houzez-hidden spinner-border spinner-border-sm\"><\/i>\n                                                    Inviare                                            <\/button>\n                <\/div>\n            <\/div><!-- End wrapper-->\n            <br\/>\n            <div class=\"ele-form-messages\"><\/div>\n            <div class=\"error-container\"><\/div>\n\n        <\/form>\n\n    \t\t\t\t<\/div>\n\t\t\t\t<\/div>\n\t\t\t\t\t<\/div>\n\t\t<\/div>\n\t\t\t\t\t<\/div>\n\t\t<\/section>\n\t\t\t\t<div class=\"elementor-element elementor-element-eb5dd10 elementor-widget elementor-widget-spacer\" data-id=\"eb5dd10\" data-element_type=\"widget\" data-e-type=\"widget\" data-widget_type=\"spacer.default\">\n\t\t\t\t<div class=\"elementor-widget-container\">\n\t\t\t\t\t\t\t<div class=\"elementor-spacer\">\n\t\t\t<div class=\"elementor-spacer-inner\"><\/div>\n\t\t<\/div>\n\t\t\t\t\t\t<\/div>\n\t\t\t\t<\/div>\n\t\t\t\t\t<\/div>\n\t\t<\/div>\n\t\t\t\t\t<\/div>\n\t\t<\/section>\n\t\t\t\t<\/div>\n\t\t","protected":false},"excerpt":{"rendered":"<p>sendModulo di contatto Tipo di richiesta Informazioni Riguardo al vostro immobile Seleziona Appartement Commercial &amp; bureau H\u00f4tel Immeuble Maison Terrain Tipo di propriet\u00e0 Seleziona Appartement Commercial &amp; bureau H\u00f4tel Immeuble Maison Terrain Messaggio Inviare<\/p>\n","protected":false},"author":1,"featured_media":0,"parent":0,"menu_order":0,"comment_status":"closed","ping_status":"closed","template":"template\/template-homepage.php","meta":{"content-type":"","_monsterinsights_skip_tracking":false,"_monsterinsights_sitenote_active":false,"_monsterinsights_sitenote_note":"","_monsterinsights_sitenote_category":0,"_uf_show_specific_survey":0,"_uf_disable_surveys":false,"footnotes":""},"class_list":["post-34914","page","type-page","status-publish","hentry"],"aioseo_notices":[],"yoast_head":"<!-- This site is optimized with the Yoast SEO plugin v27.5 - https:\/\/yoast.com\/product\/yoast-seo-wordpress\/ -->\n<title>Modulo di richiesta - BRYMMO<\/title>\n<meta name=\"robots\" content=\"index, follow, max-snippet:-1, max-image-preview:large, max-video-preview:-1\" \/>\n<link rel=\"canonical\" href=\"https:\/\/www.brymmo.ch\/it\/modulo-di-richiesta\/\" \/>\n<meta property=\"og:locale\" content=\"it_IT\" \/>\n<meta property=\"og:type\" content=\"article\" \/>\n<meta property=\"og:title\" content=\"Modulo di richiesta - BRYMMO\" \/>\n<meta property=\"og:description\" content=\"sendModulo di contatto Tipo di richiesta Informazioni Riguardo al vostro immobile Seleziona Appartement Commercial &amp; bureau H\u00f4tel Immeuble Maison Terrain Tipo di propriet\u00e0 Seleziona Appartement Commercial &amp; bureau H\u00f4tel Immeuble Maison Terrain Messaggio Inviare\" \/>\n<meta property=\"og:url\" content=\"https:\/\/www.brymmo.ch\/it\/modulo-di-richiesta\/\" \/>\n<meta property=\"og:site_name\" content=\"BRYMMO\" \/>\n<meta property=\"article:modified_time\" content=\"2025-09-18T17:14:52+00:00\" \/>\n<meta name=\"twitter:card\" content=\"summary_large_image\" \/>\n<script type=\"application\/ld+json\" class=\"yoast-schema-graph\">{\"@context\":\"https:\\\/\\\/schema.org\",\"@graph\":[{\"@type\":\"WebPage\",\"@id\":\"https:\\\/\\\/www.brymmo.ch\\\/it\\\/modulo-di-richiesta\\\/\",\"url\":\"https:\\\/\\\/www.brymmo.ch\\\/it\\\/modulo-di-richiesta\\\/\",\"name\":\"Modulo di richiesta - BRYMMO\",\"isPartOf\":{\"@id\":\"https:\\\/\\\/www.brymmo.ch\\\/it\\\/#website\"},\"datePublished\":\"2025-07-01T21:33:27+00:00\",\"dateModified\":\"2025-09-18T17:14:52+00:00\",\"breadcrumb\":{\"@id\":\"https:\\\/\\\/www.brymmo.ch\\\/it\\\/modulo-di-richiesta\\\/#breadcrumb\"},\"inLanguage\":\"it-IT\",\"potentialAction\":[{\"@type\":\"ReadAction\",\"target\":[\"https:\\\/\\\/www.brymmo.ch\\\/it\\\/modulo-di-richiesta\\\/\"]}]},{\"@type\":\"BreadcrumbList\",\"@id\":\"https:\\\/\\\/www.brymmo.ch\\\/it\\\/modulo-di-richiesta\\\/#breadcrumb\",\"itemListElement\":[{\"@type\":\"ListItem\",\"position\":1,\"name\":\"Accueil\",\"item\":\"https:\\\/\\\/www.brymmo.ch\\\/it\\\/pagina-iniziale\\\/\"},{\"@type\":\"ListItem\",\"position\":2,\"name\":\"Modulo di richiesta\"}]},{\"@type\":\"WebSite\",\"@id\":\"https:\\\/\\\/www.brymmo.ch\\\/it\\\/#website\",\"url\":\"https:\\\/\\\/www.brymmo.ch\\\/it\\\/\",\"name\":\"BRYMMO\",\"description\":\"Agence immobili\u00e8re \u00e0 Lausanne | BRYMMO\",\"potentialAction\":[{\"@type\":\"SearchAction\",\"target\":{\"@type\":\"EntryPoint\",\"urlTemplate\":\"https:\\\/\\\/www.brymmo.ch\\\/it\\\/?s={search_term_string}\"},\"query-input\":{\"@type\":\"PropertyValueSpecification\",\"valueRequired\":true,\"valueName\":\"search_term_string\"}}],\"inLanguage\":\"it-IT\"}]}<\/script>\n<!-- \/ Yoast SEO plugin. -->","yoast_head_json":{"title":"Modulo di richiesta - BRYMMO","robots":{"index":"index","follow":"follow","max-snippet":"max-snippet:-1","max-image-preview":"max-image-preview:large","max-video-preview":"max-video-preview:-1"},"canonical":"https:\/\/www.brymmo.ch\/it\/modulo-di-richiesta\/","og_locale":"it_IT","og_type":"article","og_title":"Modulo di richiesta - BRYMMO","og_description":"sendModulo di contatto Tipo di richiesta Informazioni Riguardo al vostro immobile Seleziona Appartement Commercial &amp; bureau H\u00f4tel Immeuble Maison Terrain Tipo di propriet\u00e0 Seleziona Appartement Commercial &amp; bureau H\u00f4tel Immeuble Maison Terrain Messaggio Inviare","og_url":"https:\/\/www.brymmo.ch\/it\/modulo-di-richiesta\/","og_site_name":"BRYMMO","article_modified_time":"2025-09-18T17:14:52+00:00","twitter_card":"summary_large_image","schema":{"@context":"https:\/\/schema.org","@graph":[{"@type":"WebPage","@id":"https:\/\/www.brymmo.ch\/it\/modulo-di-richiesta\/","url":"https:\/\/www.brymmo.ch\/it\/modulo-di-richiesta\/","name":"Modulo di richiesta - BRYMMO","isPartOf":{"@id":"https:\/\/www.brymmo.ch\/it\/#website"},"datePublished":"2025-07-01T21:33:27+00:00","dateModified":"2025-09-18T17:14:52+00:00","breadcrumb":{"@id":"https:\/\/www.brymmo.ch\/it\/modulo-di-richiesta\/#breadcrumb"},"inLanguage":"it-IT","potentialAction":[{"@type":"ReadAction","target":["https:\/\/www.brymmo.ch\/it\/modulo-di-richiesta\/"]}]},{"@type":"BreadcrumbList","@id":"https:\/\/www.brymmo.ch\/it\/modulo-di-richiesta\/#breadcrumb","itemListElement":[{"@type":"ListItem","position":1,"name":"Accueil","item":"https:\/\/www.brymmo.ch\/it\/pagina-iniziale\/"},{"@type":"ListItem","position":2,"name":"Modulo di richiesta"}]},{"@type":"WebSite","@id":"https:\/\/www.brymmo.ch\/it\/#website","url":"https:\/\/www.brymmo.ch\/it\/","name":"BRYMMO","description":"Agence immobili\u00e8re \u00e0 Lausanne | BRYMMO","potentialAction":[{"@type":"SearchAction","target":{"@type":"EntryPoint","urlTemplate":"https:\/\/www.brymmo.ch\/it\/?s={search_term_string}"},"query-input":{"@type":"PropertyValueSpecification","valueRequired":true,"valueName":"search_term_string"}}],"inLanguage":"it-IT"}]}},"_links":{"self":[{"href":"https:\/\/www.brymmo.ch\/it\/wp-json\/wp\/v2\/pages\/34914","targetHints":{"allow":["GET"]}}],"collection":[{"href":"https:\/\/www.brymmo.ch\/it\/wp-json\/wp\/v2\/pages"}],"about":[{"href":"https:\/\/www.brymmo.ch\/it\/wp-json\/wp\/v2\/types\/page"}],"author":[{"embeddable":true,"href":"https:\/\/www.brymmo.ch\/it\/wp-json\/wp\/v2\/users\/1"}],"replies":[{"embeddable":true,"href":"https:\/\/www.brymmo.ch\/it\/wp-json\/wp\/v2\/comments?post=34914"}],"version-history":[{"count":1,"href":"https:\/\/www.brymmo.ch\/it\/wp-json\/wp\/v2\/pages\/34914\/revisions"}],"predecessor-version":[{"id":34915,"href":"https:\/\/www.brymmo.ch\/it\/wp-json\/wp\/v2\/pages\/34914\/revisions\/34915"}],"wp:attachment":[{"href":"https:\/\/www.brymmo.ch\/it\/wp-json\/wp\/v2\/media?parent=34914"}],"curies":[{"name":"wp","href":"https:\/\/api.w.org\/{rel}","templated":true}]}}